{"id":962,"date":"2021-04-09T15:07:32","date_gmt":"2021-04-09T13:07:32","guid":{"rendered":"http:\/\/nouveausite.nord-imprim.fr\/?page_id=962"},"modified":"2024-09-09T14:56:18","modified_gmt":"2024-09-09T12:56:18","slug":"telechargement","status":"publish","type":"page","link":"https:\/\/nouveausite.nord-imprim.fr\/?page_id=962","title":{"rendered":"T\u00e9l\u00e9chargement"},"content":{"rendered":"<div  data-label=\"Gabarits formes\" data-id=\"portfolio--1\" data-export-id=\"portfolio-3\" data-category=\"portfolio\" class=\"portfolio-3 content-section content-section-spacing\" id=\"gabarits-formes\" style=\"background-color: rgb(255, 255, 255);\"><div  class=\"gridContainer\"> <div  class=\"row text-center\"><div  class=\"section-title-col\" data-type=\"column\"> <h2  class=\"\">Gabarits de formes de d\u00e9coupe<\/h2> <p  class=\"lead\">Retrouvez ici des formes de d\u00e9coupe standard<br >\nT\u00e9l\u00e9chargez le PDF et faites votre cr\u00e9ation en fonction du gabarit.<\/p><\/div> <\/div> <div  class=\"row spaced-cols space-bottom\" data-type=\"row\"> <div  class=\"col-xs-12 col-sm-4 text-center\"> <div  class=\"card no-padding bottom-border-color1 no-shadow\"> <div  data-hover-fx=\"portfolio-3\" class=\"contentswap-effect\"> <div  class=\"initial-image\"> <img  data-size=\"500x333\" src=\"https:\/\/nouveausite.nord-imprim.fr\/wp-content\/uploads\/2021\/04\/FORME-37584.jpg\"><\/div> <div  class=\"overlay bg-color6\"><\/div> <div  class=\"swap-inner col-xs-12\"> <div  class=\"row full-height-row middle-xs middle-sm\"> <div  class=\"col-xs-12 text-center content-holder\"> <a class=\"button small force-shadow color2\" href=\"https:\/\/nouveausite.nord-imprim.fr\/wp-content\/uploads\/2021\/04\/37584.pdf\" target=\"_blank\" data-cp-link=\"1\" data-icon=\"\" rel=\"noopener\">T\u00e9l\u00e9chargez le gabarit<\/a><\/div> <\/div><\/div> <\/div> <div  class=\"space-bottom space-top col-xs-12\" data-type=\"column\"> <h4  class=\"\"><span  style=\"font-weight: 900;\">Pochette 37584<\/span><\/h4> <p  class=\"small italic\"><span  style=\"font-weight: 600;\">\n<br ><br >Pochette 2 volets\n<br ><br >\n<\/span><br ><span  style=\"font-weight: 600;\">2 rabats\n<br ><br >\n<\/span><br ><span  style=\"font-weight: 600;\">Format ferm\u00e9 : 220 x 305mm\n<br ><br >\n<\/span><br ><span  style=\"font-weight: 600;\">Possibilit\u00e9 encoches pour cartes de visite\n<br ><br >\n<\/span><br ><span  style=\"font-weight: 600;\">sur le rabat latt\u00e9ral ou le rabat de pied<\/span><\/p><\/div> <\/div><\/div> <div  class=\"col-xs-12 col-sm-4 text-center\"><div  class=\"card no-padding bottom-border-color1 no-shadow\"> <div  data-hover-fx=\"portfolio-3\" class=\"contentswap-effect\"><div  class=\"initial-image\"> <img  data-size=\"500x333\" src=\"https:\/\/nouveausite.nord-imprim.fr\/wp-content\/uploads\/2021\/04\/FORME-25225.jpg\"><\/div> <div  class=\"overlay bg-color6\"><\/div> <div  class=\"swap-inner col-xs-12\"> <div  class=\"row full-height-row middle-xs middle-sm\"> <div  class=\"col-xs-12 text-center content-holder\"> <a class=\"button small force-shadow color2\" href=\"\/\/nouveausite.nord-imprim.fr\/wp-content\/uploads\/2021\/04\/25225.pdf\" target=\"_blank\" data-cp-link=\"1\" data-icon=\"\" rel=\"noopener\">T\u00e9l\u00e9chargez le gabarit<\/a><\/div> <\/div><\/div> <\/div> <div  class=\"space-bottom space-top col-xs-12\" data-type=\"column\"> <h4  class=\"\"><span  style=\"font-weight: 900;\">Pochette 25225<\/span><\/h4> <p  class=\"small italic\"><span  style=\"font-weight: 600;\">\n<br ><br >Pochette 2 volets double rainant de 5mm\n<\/span><br ><br >\n<br ><span  style=\"font-weight: 600;\">2 rabats\n<\/span><br ><br >\n<br ><span  style=\"font-weight: 600;\">Format ferm\u00e9 : 220 x 305mm\n<br ><br >\n<\/span>\n<br ><span  style=\"font-weight: 600;\">Possibilit\u00e9 encoches pour cartes de visite\n<\/span><br ><br ><br ><span  style=\"font-weight: 600;\">\nsur le rabat latt\u00e9ral ou le rabat de pied<\/span><\/p><\/div> <\/div><\/div> <div  class=\"col-xs-12 col-sm-4 text-center\"><div  class=\"card no-padding bottom-border-color1 no-shadow\"> <div  data-hover-fx=\"portfolio-3\" class=\"contentswap-effect\"><div  class=\"initial-image\"> <img  data-size=\"500x333\" src=\"https:\/\/nouveausite.nord-imprim.fr\/wp-content\/uploads\/2021\/04\/FORME-42056.jpg\"><\/div> <div  class=\"overlay bg-color6\"><\/div> <div  class=\"swap-inner col-xs-12\"> <div  class=\"row full-height-row middle-xs middle-sm\"> <div  class=\"col-xs-12 text-center content-holder\"> <a class=\"button small force-shadow color2\" href=\"\/\/nouveausite.nord-imprim.fr\/wp-content\/uploads\/2021\/04\/42056.pdf\" target=\"_blank\" data-cp-link=\"1\" data-icon=\"\" rel=\"noopener\">T\u00e9l\u00e9chargez le gabarit<\/a><\/div> <\/div><\/div> <\/div> <div  class=\"space-bottom space-top col-xs-12\" data-type=\"column\"> <h4  class=\"\"><span  style=\"font-weight: 900;\">Pochette 42056<\/span><\/h4> <p  class=\"small italic\"><span  style=\"font-weight: 600;\">\n<br ><br >Pochette 3 volets\n<br ><br >\n<br >1 rabat sur le volet central\n<br ><br >\n<br >Format ferm\u00e9 220x305mm\n<\/span><\/p><\/div> <\/div><\/div> <\/div> <div  class=\"row\"> <div  data-type=\"column\" class=\"col-xs-12 text-center\"> <\/div> <\/div><\/div> <\/div><div  data-label=\"Charte de flashage\" data-id=\"portfolio--2\" data-export-id=\"portfolio-3\" data-category=\"portfolio\" class=\"portfolio-3 content-section content-section-spacing\" id=\"charte-de-flashage\" style=\"background-color: rgb(245, 250, 253);\"><div  class=\"gridContainer\"> <div  class=\"row text-center\"><div  class=\"section-title-col\" data-type=\"column\"> <h2  class=\"\">Portfolio<\/h2> <p  class=\"lead\">With the Internet spreading linke wildfire and reaching every part of our daily life, more and more traffic is directed to websites in search for information.<\/p><\/div> <\/div> <div  class=\"row spaced-cols space-bottom\" data-type=\"row\">  <div  class=\"col-xs-12 col-sm-4 text-center\"><div  class=\"card no-padding bottom-border-color1 no-shadow\"> <div  data-hover-fx=\"portfolio-3\" class=\"contentswap-effect\"><div  class=\"initial-image\"> <img  data-size=\"500x333\" src=\"\/\/extendthemes.com\/assets\/mesmerize\/sections-images\/portfolio-2.jpg\"><\/div> <div  class=\"overlay bg-color6\"><\/div> <div  class=\"swap-inner col-xs-12\"> <div  class=\"row full-height-row middle-xs middle-sm\"> <div  class=\"col-xs-12 text-center content-holder\"> <a  class=\"button small color2\" href=\"#\">Read More<\/a><\/div> <\/div><\/div> <\/div> <div  class=\"space-bottom space-top col-xs-12\" data-type=\"column\"> <h4  class=\"\">Project Name<\/h4> <p  class=\"small italic\">Lorem ipsum dolor sit amet, consectetur adipiscing elit, sed do eiusmod tempor incididunt ut labore<\/p><\/div> <\/div><\/div> <div  class=\"col-xs-12 col-sm-4 text-center\"><div  class=\"card no-padding bottom-border-color1 no-shadow\"> <div  data-hover-fx=\"portfolio-3\" class=\"contentswap-effect\"><div  class=\"initial-image\"> <img  data-size=\"500x333\" src=\"\/\/extendthemes.com\/assets\/mesmerize\/sections-images\/portfolio-3.jpg\"><\/div> <div  class=\"overlay bg-color6\"><\/div> <div  class=\"swap-inner col-xs-12\"> <div  class=\"row full-height-row middle-xs middle-sm\"> <div  class=\"col-xs-12 text-center content-holder\"> <a  class=\"button small color2\" href=\"#\">Read More<\/a><\/div> <\/div><\/div> <\/div> <div  class=\"space-bottom space-top col-xs-12\" data-type=\"column\"> <h4  class=\"\">Project Name<\/h4> <p  class=\"small italic\">Lorem ipsum dolor sit amet, consectetur adipiscing elit, sed do eiusmod tempor incididunt ut labore<\/p><\/div> <\/div><\/div> <\/div> <div  class=\"row\"> <div  data-type=\"column\" class=\"col-xs-12 text-center\"> <a  class=\"button color2 y-move\" href=\"#\">View Portfolio<\/a><\/div> <\/div><\/div> <\/div>","protected":false},"excerpt":{"rendered":"<p>Gabarits de formes de d\u00e9coupe Retrouvez ici des formes de d\u00e9coupe standard T\u00e9l\u00e9chargez le PDF et faites votre cr\u00e9ation en fonction du gabarit. T\u00e9l\u00e9chargez le gabarit Pochette 37584 Pochette 2 volets 2 rabats Format ferm\u00e9 : 220 x 305mm Possibilit\u00e9 encoches pour cartes de visite sur le rabat latt\u00e9ral ou le rabat de pied T\u00e9l\u00e9chargez&hellip; <br \/> <a class=\"read-more\" href=\"https:\/\/nouveausite.nord-imprim.fr\/?page_id=962\">Read more<\/a><\/p>\n","protected":false},"author":1,"featured_media":0,"parent":0,"menu_order":0,"comment_status":"closed","ping_status":"closed","template":"pro\/page-templates\/full-width-page.php","meta":[],"_links":{"self":[{"href":"https:\/\/nouveausite.nord-imprim.fr\/index.php?rest_route=\/wp\/v2\/pages\/962"}],"collection":[{"href":"https:\/\/nouveausite.nord-imprim.fr\/index.php?rest_route=\/wp\/v2\/pages"}],"about":[{"href":"https:\/\/nouveausite.nord-imprim.fr\/index.php?rest_route=\/wp\/v2\/types\/page"}],"author":[{"embeddable":true,"href":"https:\/\/nouveausite.nord-imprim.fr\/index.php?rest_route=\/wp\/v2\/users\/1"}],"replies":[{"embeddable":true,"href":"https:\/\/nouveausite.nord-imprim.fr\/index.php?rest_route=%2Fwp%2Fv2%2Fcomments&post=962"}],"version-history":[{"count":21,"href":"https:\/\/nouveausite.nord-imprim.fr\/index.php?rest_route=\/wp\/v2\/pages\/962\/revisions"}],"predecessor-version":[{"id":31890,"href":"https:\/\/nouveausite.nord-imprim.fr\/index.php?rest_route=\/wp\/v2\/pages\/962\/revisions\/31890"}],"wp:attachment":[{"href":"https:\/\/nouveausite.nord-imprim.fr\/index.php?rest_route=%2Fwp%2Fv2%2Fmedia&parent=962"}],"curies":[{"name":"wp","href":"https:\/\/api.w.org\/{rel}","templated":true}]}}