{"id":442,"date":"2021-02-24T10:30:04","date_gmt":"2021-02-24T09:30:04","guid":{"rendered":"http:\/\/nouveausite.nord-imprim.fr\/?page_id=442"},"modified":"2023-12-28T07:25:49","modified_gmt":"2023-12-28T06:25:49","slug":"machines","status":"publish","type":"page","link":"https:\/\/nouveausite.nord-imprim.fr\/?page_id=442","title":{"rendered":"Machines"},"content":{"rendered":"<div  data-label=\"KOMORI 840\" data-id=\"about--1\" data-export-id=\"about-7\" data-category=\"about\" class=\"about-7 content-section content-section-spacing\" id=\"komori-840\" style=\"background-color: rgb(255, 255, 255);\"><div  class=\"gridContainer\"> <div  class=\"row middle-sm text-center\"><div  class=\"col-sm-6 space-bottom-xs\" data-type=\"column\"> <h5  class=\"\"><span  style=\"font-weight: 900; font-family: &quot;arial black&quot;, sans-serif;\">KOMORI 840 H-UV<\/span><span  id=\"_mce_caret\" data-mce-bogus=\"1\" data-mce-type=\"format-caret\"><span  style=\"color: rgb(255, 152, 0);\">\ufeff<\/span><\/span><\/h5>  <p  class=\"\">Presse 8 couleurs, format 72\/103,<br >\r\nsyst\u00e8me de retiration, 4 couleurs recto \/ 4 couleurs verso.\r\nLa rapidit\u00e9 au service de la qualit\u00e9, impression quadri recto verso en un seul passage.<\/p> <div  data-editable=\"true\" data-name=\"ope-widgets-area\" data-content-shortcode=\"mesmerize_display_widgets_area id=&quot;mesmerize_users_custom_widgets_areas_0&quot; \" class=\"\"><div data-name=\"mesmerize-widgets-area\"><div id=\"media_gallery-2\" class=\"widget widget_media_gallery\"><h4>Conducteurs de la KOMORI 840<\/h4>\n\t\t<style type=\"text\/css\">\n\t\t\t#gallery-1 {\n\t\t\t\tmargin: auto;\n\t\t\t}\n\t\t\t#gallery-1 .gallery-item {\n\t\t\t\tfloat: left;\n\t\t\t\tmargin-top: 10px;\n\t\t\t\ttext-align: center;\n\t\t\t\twidth: 33%;\n\t\t\t}\n\t\t\t#gallery-1 img {\n\t\t\t\tborder: 2px solid #cfcfcf;\n\t\t\t}\n\t\t\t#gallery-1 .gallery-caption {\n\t\t\t\tmargin-left: 0;\n\t\t\t}\n\t\t\t\/* see gallery_shortcode() in wp-includes\/media.php *\/\n\t\t<\/style>\n\t\t<div id='gallery-1' class='gallery galleryid-442 gallery-columns-3 gallery-size-thumbnail'><dl class='gallery-item'>\n\t\t\t<dt class='gallery-icon portrait'>\n\t\t\t\t<a href='https:\/\/nouveausite.nord-imprim.fr\/?attachment_id=472'><img width=\"150\" height=\"150\" src=\"https:\/\/nouveausite.nord-imprim.fr\/wp-content\/uploads\/2021\/02\/VERHEYDE-Pascal-en-2010-NB-150x150.jpg\" class=\"attachment-thumbnail size-thumbnail\" alt=\"\" loading=\"lazy\" aria-describedby=\"gallery-1-472\" \/><\/a>\n\t\t\t<\/dt>\n\t\t\t\t<dd class='wp-caption-text gallery-caption' id='gallery-1-472'>\n\t\t\t\tPascal\n\t\t\t\t<\/dd><\/dl><dl class='gallery-item'>\n\t\t\t<dt class='gallery-icon portrait'>\n\t\t\t\t<a href='https:\/\/nouveausite.nord-imprim.fr\/?attachment_id=477'><img width=\"150\" height=\"150\" src=\"https:\/\/nouveausite.nord-imprim.fr\/wp-content\/uploads\/2021\/02\/MARCANT-Eddy-NB-150x150.jpg\" class=\"attachment-thumbnail size-thumbnail\" alt=\"\" loading=\"lazy\" aria-describedby=\"gallery-1-477\" \/><\/a>\n\t\t\t<\/dt>\n\t\t\t\t<dd class='wp-caption-text gallery-caption' id='gallery-1-477'>\n\t\t\t\tEddy\n\t\t\t\t<\/dd><\/dl>\n\t\t\t<br style='clear: both' \/>\n\t\t<\/div>\n<\/div><\/div><\/div><\/div> <div  class=\"col-sm-6 col-relative space-bottom-xs\"><div  class=\"row spaced-cols\"> <div  class=\"col-xs-6 flexbox middle-xs center-xs\"> <img  class=\"shadow-large\" data-size=\"300x300\" src=\"https:\/\/nouveausite.nord-imprim.fr\/wp-content\/uploads\/2021\/03\/cropped-840-scaled-1.jpg\" title=\"cropped-840-scaled-1.jpg\" alt=\"\"><\/div> <div  class=\"col-xs-6 flexbox middle-xs center-xs\"> <img  class=\"shadow-large\" data-size=\"300x300\" src=\"https:\/\/nouveausite.nord-imprim.fr\/wp-content\/uploads\/2021\/03\/cropped-840-4-scaled-1.jpg\" title=\"cropped-840-4-scaled-1.jpg\" alt=\"\"><\/div> <div  class=\"col-xs-6 flexbox middle-xs center-xs\"> <img  class=\"shadow-large\" data-size=\"300x300\" src=\"https:\/\/nouveausite.nord-imprim.fr\/wp-content\/uploads\/2021\/03\/cropped-840-2-scaled-1.jpg\" title=\"cropped-840-2-scaled-1.jpg\" alt=\"\"><\/div> <div  class=\"col-xs-6 flexbox middle-xs center-xs\"> <img  class=\"shadow-large\" data-size=\"300x300\" src=\"https:\/\/nouveausite.nord-imprim.fr\/wp-content\/uploads\/2021\/03\/cropped-840-3-scaled-1.jpg\" title=\"cropped-840-3-scaled-1.jpg\" alt=\"\"><\/div> <\/div> <div  class=\"center-overlay inner-shadow border-large\"><\/div><\/div> <\/div><\/div> <\/div><div  data-label=\"KOMORI 440\" data-id=\"about--2\" data-export-id=\"about-6\" data-category=\"about\" class=\"about-6 content-section content-section-spacing\" id=\"komori-440\" style=\"background-color: rgb(249, 253, 245); background-image: none;\"><div  class=\"gridContainer\"> <div  class=\"row middle-sm text-center\"><div  class=\"col-sm-6 space-bottom-xs\" data-type=\"column\"> <h5  class=\"\">KOMORI 440 H-UV<\/h5>  <p  class=\"\">Presse 4 couleurs, format 72\/103.<br >\r\nMachine grand format, id\u00e9al pour les dossiers tr\u00e8s urgents.<\/p> <div  data-editable=\"true\" data-name=\"ope-widgets-area\" data-content-shortcode=\"mesmerize_display_widgets_area id=&quot;mesmerize_users_custom_widgets_areas_1&quot; \" class=\"\"><div data-name=\"mesmerize-widgets-area\"><div id=\"media_gallery-4\" class=\"widget widget_media_gallery\"><h4>Conducteurs de la KOMORI 440<\/h4>\n\t\t<style type=\"text\/css\">\n\t\t\t#gallery-2 {\n\t\t\t\tmargin: auto;\n\t\t\t}\n\t\t\t#gallery-2 .gallery-item {\n\t\t\t\tfloat: left;\n\t\t\t\tmargin-top: 10px;\n\t\t\t\ttext-align: center;\n\t\t\t\twidth: 33%;\n\t\t\t}\n\t\t\t#gallery-2 img {\n\t\t\t\tborder: 2px solid #cfcfcf;\n\t\t\t}\n\t\t\t#gallery-2 .gallery-caption {\n\t\t\t\tmargin-left: 0;\n\t\t\t}\n\t\t\t\/* see gallery_shortcode() in wp-includes\/media.php *\/\n\t\t<\/style>\n\t\t<div id='gallery-2' class='gallery galleryid-442 gallery-columns-3 gallery-size-thumbnail'><dl class='gallery-item'>\n\t\t\t<dt class='gallery-icon portrait'>\n\t\t\t\t<a href='https:\/\/nouveausite.nord-imprim.fr\/?attachment_id=517'><img width=\"150\" height=\"150\" src=\"https:\/\/nouveausite.nord-imprim.fr\/wp-content\/uploads\/2021\/02\/DUPUIS-Nicolas-NB-150x150.jpg\" class=\"attachment-thumbnail size-thumbnail\" alt=\"\" loading=\"lazy\" aria-describedby=\"gallery-2-517\" \/><\/a>\n\t\t\t<\/dt>\n\t\t\t\t<dd class='wp-caption-text gallery-caption' id='gallery-2-517'>\n\t\t\t\tNicolas\n\t\t\t\t<\/dd><\/dl><dl class='gallery-item'>\n\t\t\t<dt class='gallery-icon landscape'>\n\t\t\t\t<a href='https:\/\/nouveausite.nord-imprim.fr\/?attachment_id=1408'><img width=\"150\" height=\"150\" src=\"https:\/\/nouveausite.nord-imprim.fr\/wp-content\/uploads\/2021\/05\/ni-laurent_b-noir-1-150x150.jpg\" class=\"attachment-thumbnail size-thumbnail\" alt=\"\" loading=\"lazy\" aria-describedby=\"gallery-2-1408\" \/><\/a>\n\t\t\t<\/dt>\n\t\t\t\t<dd class='wp-caption-text gallery-caption' id='gallery-2-1408'>\n\t\t\t\tLaurent\n\t\t\t\t<\/dd><\/dl>\n\t\t\t<br style='clear: both' \/>\n\t\t<\/div>\n<\/div><\/div><\/div><\/div> <div  class=\"col-sm-6 image-group-right-3 space-bottom-xs\"><div  class=\"top-media\"> <img  class=\"shadow-large\" data-size=\"350x250\" src=\"https:\/\/nouveausite.nord-imprim.fr\/wp-content\/uploads\/2021\/03\/cropped-ENCRIER-scaled-1.jpg\" title=\"cropped-ENCRIER-scaled-1.jpg\" alt=\"\"><\/div> <div  class=\"bottom-media\"> <img  class=\"shadow-large\" data-size=\"350x250\" src=\"https:\/\/nouveausite.nord-imprim.fr\/wp-content\/uploads\/2021\/03\/cropped-440-scaled-1.jpg\" title=\"cropped-440-scaled-1.jpg\" alt=\"\"><\/div> <div  class=\"left-media\"> <img  class=\"shadow-large\" data-size=\"350x400\" src=\"https:\/\/nouveausite.nord-imprim.fr\/wp-content\/uploads\/2021\/03\/cropped-440-2-scaled-1.jpg\" title=\"cropped-440-2-scaled-1.jpg\" alt=\"\"> <div  class=\"offset-double-border-overlay\"> <div  class=\"border-1 shadow-small\"><\/div> <div  class=\"border-2\"><\/div><\/div> <\/div><\/div> <\/div><\/div> <\/div><div  data-label=\"KOMORI LS529\" data-id=\"about--3\" data-export-id=\"about-5\" data-category=\"about\" class=\"about-5 content-section content-section-spacing\" id=\"komori-ls529\" style=\"background-color: rgb(255, 255, 255);\"><div  class=\"gridContainer\"> <div  class=\"row middle-sm text-center\"><div  class=\"col-sm-6 space-bottom-xs\" data-type=\"column\"> <h5  class=\"\">LS529 H-UV<\/h5>  <p  class=\"\">Presse 5 couleurs, format 52\/74<br >\r\navec groupe vernis H-UV.<\/p> <div  data-editable=\"true\" data-name=\"ope-widgets-area\" data-content-shortcode=\"mesmerize_display_widgets_area id=&quot;mesmerize_users_custom_widgets_areas_2&quot; \" class=\"\"><div data-name=\"mesmerize-widgets-area\"><div id=\"media_gallery-6\" class=\"widget widget_media_gallery\"><h4>Conducteurs de la KOMORI LS529<\/h4>\n\t\t<style type=\"text\/css\">\n\t\t\t#gallery-3 {\n\t\t\t\tmargin: auto;\n\t\t\t}\n\t\t\t#gallery-3 .gallery-item {\n\t\t\t\tfloat: left;\n\t\t\t\tmargin-top: 10px;\n\t\t\t\ttext-align: center;\n\t\t\t\twidth: 50%;\n\t\t\t}\n\t\t\t#gallery-3 img {\n\t\t\t\tborder: 2px solid #cfcfcf;\n\t\t\t}\n\t\t\t#gallery-3 .gallery-caption {\n\t\t\t\tmargin-left: 0;\n\t\t\t}\n\t\t\t\/* see gallery_shortcode() in wp-includes\/media.php *\/\n\t\t<\/style>\n\t\t<div id='gallery-3' class='gallery galleryid-442 gallery-columns-2 gallery-size-thumbnail'><dl class='gallery-item'>\n\t\t\t<dt class='gallery-icon landscape'>\n\t\t\t\t<a href='https:\/\/nouveausite.nord-imprim.fr\/?attachment_id=529'><img width=\"150\" height=\"150\" src=\"https:\/\/nouveausite.nord-imprim.fr\/wp-content\/uploads\/2021\/02\/WILS-Frederic-NB-150x150.jpg\" class=\"attachment-thumbnail size-thumbnail\" alt=\"\" loading=\"lazy\" aria-describedby=\"gallery-3-529\" \/><\/a>\n\t\t\t<\/dt>\n\t\t\t\t<dd class='wp-caption-text gallery-caption' id='gallery-3-529'>\n\t\t\t\tFr\u00e9d\u00e9ric\n\t\t\t\t<\/dd><\/dl>\n\t\t\t<br style='clear: both' \/>\n\t\t<\/div>\n<\/div><\/div><\/div><\/div> <div  class=\"col-sm-6 flexbox image-group-right-2 around-xs top-xs space-bottom-xs\"><div  class=\"left-el\"> <img  class=\"shadow-large\" data-size=\"300x430\" src=\"https:\/\/nouveausite.nord-imprim.fr\/wp-content\/uploads\/2021\/03\/cropped-LS529-scaled-1.jpg\" title=\"cropped-LS529-scaled-1.jpg\" alt=\"\"><\/div> <div  class=\"right-el\"> <img  class=\"shadow-large\" data-size=\"300x430\" src=\"https:\/\/nouveausite.nord-imprim.fr\/wp-content\/uploads\/2021\/03\/cropped-LS529-MOUILLAGE-scaled-1.jpg\" title=\"cropped-LS529-MOUILLAGE-scaled-1.jpg\" alt=\"\"><\/div> <div  class=\"center-overlay inner-shadow border-large\"><\/div><\/div> <\/div><\/div> <\/div><div  data-label=\"SPEED 52 4\" data-id=\"about--5\" data-export-id=\"about-5\" data-category=\"about\" class=\"about-5 content-section content-section-spacing\" id=\"speed-52-4-1\" style=\"background-color: rgb(249, 253, 245); background-image: none;\"><div  class=\"gridContainer\"> <div  class=\"row middle-sm text-center\"><div  class=\"col-sm-6 space-bottom-xs\" data-type=\"column\"> <h5  class=\"\">HEIDELBERG SPEEDMASTER SM 52-4<\/h5>  <p  class=\"\">Presse 4 couleurs + vernis acrylique, format 37\/52.<br >\r\nMachine sp\u00e9cialis\u00e9e dans le petit tirage avec une qualit\u00e9 et une rapidit\u00e9 surprenantes.<\/p> <div  data-editable=\"true\" data-name=\"ope-widgets-area\" data-content-shortcode=\"mesmerize_display_widgets_area id=&quot;mesmerize_users_custom_widgets_areas_4&quot; \" class=\"\"><div data-name=\"mesmerize-widgets-area\"><div id=\"media_gallery-10\" class=\"widget widget_media_gallery\"><h4>Conducteur de la SM 52-4<\/h4>\n\t\t<style type=\"text\/css\">\n\t\t\t#gallery-4 {\n\t\t\t\tmargin: auto;\n\t\t\t}\n\t\t\t#gallery-4 .gallery-item {\n\t\t\t\tfloat: left;\n\t\t\t\tmargin-top: 10px;\n\t\t\t\ttext-align: center;\n\t\t\t\twidth: 100%;\n\t\t\t}\n\t\t\t#gallery-4 img {\n\t\t\t\tborder: 2px solid #cfcfcf;\n\t\t\t}\n\t\t\t#gallery-4 .gallery-caption {\n\t\t\t\tmargin-left: 0;\n\t\t\t}\n\t\t\t\/* see gallery_shortcode() in wp-includes\/media.php *\/\n\t\t<\/style>\n\t\t<div id='gallery-4' class='gallery galleryid-442 gallery-columns-1 gallery-size-thumbnail'><dl class='gallery-item'>\n\t\t\t<dt class='gallery-icon landscape'>\n\t\t\t\t<a href='https:\/\/nouveausite.nord-imprim.fr\/?attachment_id=544'><img width=\"150\" height=\"150\" src=\"https:\/\/nouveausite.nord-imprim.fr\/wp-content\/uploads\/2021\/02\/HEMESDAEL-Didier-NB-150x150.jpg\" class=\"attachment-thumbnail size-thumbnail\" alt=\"\" loading=\"lazy\" aria-describedby=\"gallery-4-544\" \/><\/a>\n\t\t\t<\/dt>\n\t\t\t\t<dd class='wp-caption-text gallery-caption' id='gallery-4-544'>\n\t\t\t\tDidier\n\t\t\t\t<\/dd><\/dl><br style=\"clear: both\" \/>\n\t\t<\/div>\n<\/div><\/div><\/div><\/div> <div  class=\"col-sm-6 flexbox image-group-right-2 around-xs top-xs space-bottom-xs\"><div  class=\"left-el\"> <img  class=\"shadow-large\" data-size=\"300x430\" src=\"https:\/\/nouveausite.nord-imprim.fr\/wp-content\/uploads\/2021\/04\/cropped-SPEED2-2-scaled-1.jpg\" title=\"cropped-SPEED2-2-scaled-1.jpg\" alt=\"\"><\/div> <div  class=\"right-el\"> <img  class=\"shadow-large\" data-size=\"300x430\" src=\"https:\/\/nouveausite.nord-imprim.fr\/wp-content\/uploads\/2021\/04\/cropped-speed4-1-scaled-1.jpg\" title=\"cropped-speed4-1-scaled-1.jpg\" alt=\"\"><\/div> <div  class=\"center-overlay inner-shadow border-large\"><\/div><\/div> <\/div><\/div> <\/div><div  data-label=\"SPEED 52 2\" data-id=\"about--4\" data-export-id=\"about-4\" data-category=\"about\" class=\"about-4 content-section content-section-spacing\" id=\"speed-52-2\" style=\"background-color: rgb(255, 255, 255); background-image: none;\"><div  class=\"gridContainer\"> <div  class=\"row middle-sm text-center\"><div  class=\"col-sm-5 space-bottom-xs\" data-type=\"column\"> <h5  class=\"\">HEIDELBERG SPEEMASTER SM52-2<\/h5>  <p  class=\"\">Presse 2 couleurs, format 37\/52 avec organe de perforation\/num\u00e9rotation.<br >\r\nMachine id\u00e9alement pr\u00e9vue pour les liasses, carnets, t\u00eates de lettre, enveloppes\u2026 permettant de faire\r\nde la perforation et de la num\u00e9rotation en un seul passage.<\/p> <div  data-editable=\"true\" data-name=\"ope-widgets-area\" data-content-shortcode=\"mesmerize_display_widgets_area id=&quot;mesmerize_users_custom_widgets_areas_3&quot; \" class=\"\"><div data-name=\"mesmerize-widgets-area\"><div id=\"media_gallery-8\" class=\"widget widget_media_gallery\"><h4>Conducteur de la SM52-2<\/h4>\n\t\t<style type=\"text\/css\">\n\t\t\t#gallery-5 {\n\t\t\t\tmargin: auto;\n\t\t\t}\n\t\t\t#gallery-5 .gallery-item {\n\t\t\t\tfloat: left;\n\t\t\t\tmargin-top: 10px;\n\t\t\t\ttext-align: center;\n\t\t\t\twidth: 100%;\n\t\t\t}\n\t\t\t#gallery-5 img {\n\t\t\t\tborder: 2px solid #cfcfcf;\n\t\t\t}\n\t\t\t#gallery-5 .gallery-caption {\n\t\t\t\tmargin-left: 0;\n\t\t\t}\n\t\t\t\/* see gallery_shortcode() in wp-includes\/media.php *\/\n\t\t<\/style>\n\t\t<div id='gallery-5' class='gallery galleryid-442 gallery-columns-1 gallery-size-thumbnail'><dl class='gallery-item'>\n\t\t\t<dt class='gallery-icon landscape'>\n\t\t\t\t<a href='https:\/\/nouveausite.nord-imprim.fr\/?attachment_id=535'><img width=\"150\" height=\"150\" src=\"https:\/\/nouveausite.nord-imprim.fr\/wp-content\/uploads\/2021\/02\/LESAGE-Anthony-NB-150x150.jpg\" class=\"attachment-thumbnail size-thumbnail\" alt=\"\" loading=\"lazy\" aria-describedby=\"gallery-5-535\" \/><\/a>\n\t\t\t<\/dt>\n\t\t\t\t<dd class='wp-caption-text gallery-caption' id='gallery-5-535'>\n\t\t\t\tAnthony\n\t\t\t\t<\/dd><\/dl><br style=\"clear: both\" \/>\n\t\t<\/div>\n<\/div><\/div><\/div><\/div> <div  class=\"col-sm-7 flexbox center-xs middle-xs image-group-2-img\"> <img  class=\"img-1 shadow-large\" data-size=\"250x200\" src=\"https:\/\/nouveausite.nord-imprim.fr\/wp-content\/uploads\/2021\/03\/cropped-SPEED-2-ENCRIER-scaled-1.jpg\" title=\"cropped-SPEED-2-ENCRIER-scaled-1.jpg\" alt=\"\"> <img  class=\"img-2 shadow-large\" data-size=\"220x170\" src=\"https:\/\/nouveausite.nord-imprim.fr\/wp-content\/uploads\/2021\/04\/cropped-speed2-1-scaled-1.jpg\" title=\"cropped-speed2-1-scaled-1.jpg\" alt=\"\"><\/div> <\/div><\/div> <\/div><!-- Created with Elementor -->","protected":false},"excerpt":{"rendered":"<p>KOMORI 840 H-UV\ufeff Presse 8 couleurs, format 72\/103, syst\u00e8me de retiration, 4 couleurs recto \/ 4 couleurs verso. La rapidit\u00e9 au service de la qualit\u00e9, impression quadri recto verso en un seul passage. KOMORI 440 H-UV Presse 4 couleurs, format 72\/103. Machine grand format, id\u00e9al pour les dossiers tr\u00e8s urgents. LS529 H-UV Presse 5 couleurs,&hellip; <br \/> <a class=\"read-more\" href=\"https:\/\/nouveausite.nord-imprim.fr\/?page_id=442\">Read more<\/a><\/p>\n","protected":false},"author":1,"featured_media":0,"parent":0,"menu_order":0,"comment_status":"closed","ping_status":"closed","template":"pro\/page-templates\/full-width-page.php","meta":[],"_links":{"self":[{"href":"https:\/\/nouveausite.nord-imprim.fr\/index.php?rest_route=\/wp\/v2\/pages\/442"}],"collection":[{"href":"https:\/\/nouveausite.nord-imprim.fr\/index.php?rest_route=\/wp\/v2\/pages"}],"about":[{"href":"https:\/\/nouveausite.nord-imprim.fr\/index.php?rest_route=\/wp\/v2\/types\/page"}],"author":[{"embeddable":true,"href":"https:\/\/nouveausite.nord-imprim.fr\/index.php?rest_route=\/wp\/v2\/users\/1"}],"replies":[{"embeddable":true,"href":"https:\/\/nouveausite.nord-imprim.fr\/index.php?rest_route=%2Fwp%2Fv2%2Fcomments&post=442"}],"version-history":[{"count":26,"href":"https:\/\/nouveausite.nord-imprim.fr\/index.php?rest_route=\/wp\/v2\/pages\/442\/revisions"}],"predecessor-version":[{"id":31778,"href":"https:\/\/nouveausite.nord-imprim.fr\/index.php?rest_route=\/wp\/v2\/pages\/442\/revisions\/31778"}],"wp:attachment":[{"href":"https:\/\/nouveausite.nord-imprim.fr\/index.php?rest_route=%2Fwp%2Fv2%2Fmedia&parent=442"}],"curies":[{"name":"wp","href":"https:\/\/api.w.org\/{rel}","templated":true}]}}