{"id":216,"date":"2021-02-18T10:14:57","date_gmt":"2021-02-18T09:14:57","guid":{"rendered":"http:\/\/nouveausite.nord-imprim.fr\/?page_id=216"},"modified":"2023-12-28T07:36:57","modified_gmt":"2023-12-28T06:36:57","slug":"service-devis","status":"publish","type":"page","link":"https:\/\/nouveausite.nord-imprim.fr\/?page_id=216","title":{"rendered":"Service Devis"},"content":{"rendered":"\t\t<div data-elementor-type=\"wp-page\" data-elementor-id=\"216\" class=\"elementor elementor-216\">\n\t\t\t\t\t\t\t\t\t<section class=\"elementor-section elementor-top-section elementor-element elementor-element-63525a3 elementor-section-boxed elementor-section-height-default elementor-section-height-default\" data-id=\"63525a3\" data-element_type=\"section\">\n\t\t\t\t\t\t<div class=\"elementor-container elementor-column-gap-default\">\n\t\t\t\t\t<div class=\"elementor-column elementor-col-100 elementor-top-column elementor-element elementor-element-0188d58\" data-id=\"0188d58\" data-element_type=\"column\">\n\t\t\t<div class=\"elementor-widget-wrap elementor-element-populated\">\n\t\t\t\t\t\t\t\t<div class=\"elementor-element elementor-element-12afc65 elementor-widget elementor-widget-text-editor\" data-id=\"12afc65\" data-element_type=\"widget\" data-widget_type=\"text-editor.default\">\n\t\t\t\t<div class=\"elementor-widget-container\">\n\t\t\t\t\t\t\t<p>Dr\u00f4le de d\u00e9nomination pour les collaborateurs de ce qui est en r\u00e9alit\u00e9 un bureau d\u2019\u00e9tude print. Vous dire rapidement quel sera le co\u00fbt de vos demandes les plus inventives appelle des comp\u00e9tences techniques et un prisme qui n\u00e9cessitent d\u2019avoir l\u2019esprit Print Team.&nbsp;<\/p>\n<p>Etre deviseur chez Nord\u2019Imprim, c\u2019est s\u2019approprier les projets, conna\u00eetre les contraintes.<\/p>\n<p>&nbsp;<\/p>\t\t\t\t\t\t<\/div>\n\t\t\t\t<\/div>\n\t\t\t\t<div class=\"elementor-element elementor-element-6359c31 elementor-widget elementor-widget-image-carousel\" data-id=\"6359c31\" data-element_type=\"widget\" data-settings=\"{&quot;slides_to_show&quot;:&quot;4&quot;,&quot;navigation&quot;:&quot;none&quot;,&quot;autoplay&quot;:&quot;no&quot;,&quot;infinite&quot;:&quot;no&quot;,&quot;speed&quot;:500,&quot;image_spacing_custom&quot;:{&quot;unit&quot;:&quot;px&quot;,&quot;size&quot;:20,&quot;sizes&quot;:[]}}\" data-widget_type=\"image-carousel.default\">\n\t\t\t\t<div class=\"elementor-widget-container\">\n\t\t\t\t\t<div class=\"elementor-image-carousel-wrapper swiper-container\" dir=\"ltr\">\n\t\t\t<div class=\"elementor-image-carousel swiper-wrapper\">\n\t\t\t\t\t\t\t\t<div class=\"swiper-slide\"><figure class=\"swiper-slide-inner\"><img class=\"swiper-slide-image\" src=\"https:\/\/nouveausite.nord-imprim.fr\/wp-content\/uploads\/2021\/02\/LOGEZ-Franc\u0327ois-NB-1-300x199.jpg\" alt=\"Fran\u00e7ois LOGEZ\" \/><figcaption class=\"elementor-image-carousel-caption\">Fran\u00e7ois LOGEZ<\/figcaption><\/figure><\/div><div class=\"swiper-slide\"><figure class=\"swiper-slide-inner\"><img class=\"swiper-slide-image\" src=\"https:\/\/nouveausite.nord-imprim.fr\/wp-content\/uploads\/2021\/02\/DEBRUYNE-Pauline-NB-1-300x199.jpg\" alt=\"Pauline COSTENOBLE\" \/><figcaption class=\"elementor-image-carousel-caption\">Pauline COSTENOBLE<\/figcaption><\/figure><\/div><div class=\"swiper-slide\"><figure class=\"swiper-slide-inner\"><img class=\"swiper-slide-image\" src=\"https:\/\/nouveausite.nord-imprim.fr\/wp-content\/uploads\/2023\/12\/ni-eddy_h-noir-300x200.jpg\" alt=\"Eddy\" \/><figcaption class=\"elementor-image-carousel-caption\">Eddy<\/figcaption><\/figure><\/div><div class=\"swiper-slide\"><figure class=\"swiper-slide-inner\"><img class=\"swiper-slide-image\" src=\"https:\/\/nouveausite.nord-imprim.fr\/wp-content\/uploads\/2023\/12\/IMG_4725-300x199.jpg\" alt=\"H\u00e9l\u00e8ne\" \/><figcaption class=\"elementor-image-carousel-caption\">H\u00e9l\u00e8ne<\/figcaption><\/figure><\/div>\t\t\t<\/div>\n\t\t\t\t\t\t\t\t\t\t\t\t\t\t\t\t<\/div>\n\t\t\t\t<\/div>\n\t\t\t\t<\/div>\n\t\t\t\t<div class=\"elementor-element elementor-element-7e3b617 elementor-button-warning elementor-align-center elementor-widget elementor-widget-button\" data-id=\"7e3b617\" data-element_type=\"widget\" data-settings=\"{&quot;_animation&quot;:&quot;none&quot;}\" data-widget_type=\"button.default\">\n\t\t\t\t<div class=\"elementor-widget-container\">\n\t\t\t\t\t<div class=\"elementor-button-wrapper\">\n\t\t\t<a href=\"https:\/\/nouveausite.nord-imprim.fr\/?page_id=50\" class=\"elementor-button-link elementor-button elementor-size-lg elementor-animation-pulse-grow\" role=\"button\">\n\t\t\t\t\t\t<span class=\"elementor-button-content-wrapper\">\n\t\t\t\t\t\t\t<span class=\"elementor-button-icon elementor-align-icon-left\">\n\t\t\t\t<i aria-hidden=\"true\" class=\"far fa-edit\"><\/i>\t\t\t<\/span>\n\t\t\t\t\t\t<span class=\"elementor-button-text\">Demande de devis<\/span>\n\t\t<\/span>\n\t\t\t\t\t<\/a>\n\t\t<\/div>\n\t\t\t\t<\/div>\n\t\t\t\t<\/div>\n\t\t\t\t\t<\/div>\n\t\t<\/div>\n\t\t\t\t\t\t\t<\/div>\n\t\t<\/section>\n\t\t\t\t\t\t\t<\/div>\n\t\t","protected":false},"excerpt":{"rendered":"<p>Dr\u00f4le de d\u00e9nomination pour les collaborateurs de ce qui est en r\u00e9alit\u00e9 un bureau d\u2019\u00e9tude print. Vous dire rapidement quel sera le co\u00fbt de vos demandes les plus inventives appelle des comp\u00e9tences techniques et un prisme qui n\u00e9cessitent d\u2019avoir l\u2019esprit Print Team.&nbsp; Etre deviseur chez Nord\u2019Imprim, c\u2019est s\u2019approprier les projets, conna\u00eetre les contraintes. &nbsp; Fran\u00e7ois&hellip; <br \/> <a class=\"read-more\" href=\"https:\/\/nouveausite.nord-imprim.fr\/?page_id=216\">Read more<\/a><\/p>\n","protected":false},"author":1,"featured_media":0,"parent":0,"menu_order":0,"comment_status":"closed","ping_status":"closed","template":"","meta":[],"_links":{"self":[{"href":"https:\/\/nouveausite.nord-imprim.fr\/index.php?rest_route=\/wp\/v2\/pages\/216"}],"collection":[{"href":"https:\/\/nouveausite.nord-imprim.fr\/index.php?rest_route=\/wp\/v2\/pages"}],"about":[{"href":"https:\/\/nouveausite.nord-imprim.fr\/index.php?rest_route=\/wp\/v2\/types\/page"}],"author":[{"embeddable":true,"href":"https:\/\/nouveausite.nord-imprim.fr\/index.php?rest_route=\/wp\/v2\/users\/1"}],"replies":[{"embeddable":true,"href":"https:\/\/nouveausite.nord-imprim.fr\/index.php?rest_route=%2Fwp%2Fv2%2Fcomments&post=216"}],"version-history":[{"count":70,"href":"https:\/\/nouveausite.nord-imprim.fr\/index.php?rest_route=\/wp\/v2\/pages\/216\/revisions"}],"predecessor-version":[{"id":31790,"href":"https:\/\/nouveausite.nord-imprim.fr\/index.php?rest_route=\/wp\/v2\/pages\/216\/revisions\/31790"}],"wp:attachment":[{"href":"https:\/\/nouveausite.nord-imprim.fr\/index.php?rest_route=%2Fwp%2Fv2%2Fmedia&parent=216"}],"curies":[{"name":"wp","href":"https:\/\/api.w.org\/{rel}","templated":true}]}}